{"id":68,"date":"2018-10-14T13:38:33","date_gmt":"2018-10-14T13:38:33","guid":{"rendered":"http:\/\/brunngraber.at\/?page_id=68"},"modified":"2018-10-15T13:31:35","modified_gmt":"2018-10-15T13:31:35","slug":"jausn-karte","status":"publish","type":"page","link":"http:\/\/brunngraber.at\/?page_id=68","title":{"rendered":"Jaus&#8217;n Karte"},"content":{"rendered":"\n<table id=\"tablepress-1\" class=\"tablepress tablepress-id-1\">\n<tbody class=\"row-striping row-hover\">\n<tr class=\"row-1\">\n\t<td class=\"column-1\"><strong>K\u00e4seplatte<\/strong><br \/>\nversch. K\u00e4sesorten,Topfen und Butter fein garniert<\/td>\n<\/tr>\n<tr class=\"row-2\">\n\t<td class=\"column-1\"><strong>Omas Jause<\/strong><br \/>\nrustikal mit verschiedenen Fleischarten<\/td>\n<\/tr>\n<tr class=\"row-3\">\n\t<td class=\"column-1\"><strong>Brettljause<\/strong><br \/>\nSchweins- und Surbraten, hausgem. Geselchtes, Topfen, Garnierung  <\/td>\n<\/tr>\n<tr class=\"row-4\">\n\t<td class=\"column-1\"><strong>Speckjause`n<\/strong><br \/>\nKarre - und Bauchspeck aus eigener Erzeugung, mit Kren<\/td>\n<\/tr>\n<tr class=\"row-5\">\n\t<td class=\"column-1\"><strong>Schafk\u00e4se mit Kr\u00e4utern<\/strong><br \/>\ngarniert mit Tomaten,Zwiebelringe und Kern\u00f6l<\/td>\n<\/tr>\n<tr class=\"row-6\">\n\t<td class=\"column-1\"><strong>Goa\u00dfkas mit Kr\u00e4utern<\/strong><br \/>\ngarniert mit Tomaten,Zwiebelringe und Kern\u00f6l<\/td>\n<\/tr>\n<tr class=\"row-7\">\n\t<td class=\"column-1\"><strong>Hauseigener Aufstrichteller<\/strong><br \/>\nfein garniert  <\/td>\n<\/tr>\n<tr class=\"row-8\">\n\t<td class=\"column-1\"><strong>Essigwurst<\/strong><br \/>\nKnacker mit Zwiebelringen,Gurkerl und Kern\u00f6l <\/td>\n<\/tr>\n<tr class=\"row-9\">\n\t<td class=\"column-1\"><strong>Fleischbrot<\/strong><br \/>\nmit Speck od.Bratl od.Surbratl, fein garniert<\/td>\n<\/tr>\n<tr class=\"row-10\">\n\t<td class=\"column-1\"><strong>Topfenjause<\/strong>Topfenjause<br \/>\nmit Butter, Garnierung nach Saison<\/td>\n<\/tr>\n<tr class=\"row-11\">\n\t<td class=\"column-1\"><strong>\"OaSpeis\"<\/strong><br \/>\nmit Speck\"<\/td>\n<\/tr>\n<tr class=\"row-12\">\n\t<td class=\"column-1\"><strong>Frankfurter od. Debreziner<\/strong><br \/>\nmit Kren, Senf, Geb\u00e4ck<\/td>\n<\/tr>\n<tr class=\"row-13\">\n\t<td class=\"column-1\"><strong>Topfenbrot<\/strong><\/td>\n<\/tr>\n<tr class=\"row-14\">\n\t<td class=\"column-1\"><strong>Schmalzbrot mit Zwiebel<\/strong><\/td>\n<\/tr>\n<tr class=\"row-15\">\n\t<td class=\"column-1\"><strong>Pommes Frites<\/strong><\/td>\n<\/tr>\n<tr class=\"row-16\">\n\t<td class=\"column-1\"><strong>Deftiger Bauerntoas<\/strong><br \/>\nSchwarzbrot mit Surfleisch Zwiebel und deftigem K\u00e4se<br \/>\n(gibt es auch mit Spiegelei)<\/td>\n<\/tr>\n<tr class=\"row-17\">\n\t<td class=\"column-1\"><strong>Gulaschsuppe<\/strong><\/td>\n<\/tr>\n<tr class=\"row-18\">\n\t<td class=\"column-1\"><strong>Schinken  K\u00e4setoast<\/strong><\/td>\n<\/tr>\n<\/tbody>\n<\/table>\n<!-- #tablepress-1 from cache -->\n<p>Zwei Brote sind im Preis inbegriffen<\/p>\n<hr \/>\n<p>Sehr geehrter Gast, liebe Freunde, <br \/>auf Bestellung verw\u00f6hnen wir Sie \/ euch auch gerne mit gut b\u00fcrgerlicher &#8222;Hausmannskost&#8220;!<\/p>\n<hr \/>\n<p>Wir \u00fcbernehmen keine Haftung f\u00fcr Irrt\u00fcmer, Druckfehler und Preis\u00e4nderungen.<\/p>\n","protected":false},"excerpt":{"rendered":"<p>Zwei Brote sind im Preis inbegriffen Sehr geehrter Gast, liebe Freunde, auf Bestellung verw\u00f6hnen wir Sie \/ euch auch gerne mit gut b\u00fcrgerlicher &#8222;Hausmannskost&#8220;! Wir \u00fcbernehmen keine Haftung f\u00fcr Irrt\u00fcmer, Druckfehler und Preis\u00e4nderungen.<\/p>\n","protected":false},"author":1,"featured_media":0,"parent":0,"menu_order":0,"comment_status":"closed","ping_status":"closed","template":"","meta":{"footnotes":""},"class_list":["post-68","page","type-page","status-publish","hentry"],"_links":{"self":[{"href":"http:\/\/brunngraber.at\/index.php?rest_route=\/wp\/v2\/pages\/68","targetHints":{"allow":["GET"]}}],"collection":[{"href":"http:\/\/brunngraber.at\/index.php?rest_route=\/wp\/v2\/pages"}],"about":[{"href":"http:\/\/brunngraber.at\/index.php?rest_route=\/wp\/v2\/types\/page"}],"author":[{"embeddable":true,"href":"http:\/\/brunngraber.at\/index.php?rest_route=\/wp\/v2\/users\/1"}],"replies":[{"embeddable":true,"href":"http:\/\/brunngraber.at\/index.php?rest_route=%2Fwp%2Fv2%2Fcomments&post=68"}],"version-history":[{"count":2,"href":"http:\/\/brunngraber.at\/index.php?rest_route=\/wp\/v2\/pages\/68\/revisions"}],"predecessor-version":[{"id":100,"href":"http:\/\/brunngraber.at\/index.php?rest_route=\/wp\/v2\/pages\/68\/revisions\/100"}],"wp:attachment":[{"href":"http:\/\/brunngraber.at\/index.php?rest_route=%2Fwp%2Fv2%2Fmedia&parent=68"}],"curies":[{"name":"wp","href":"https:\/\/api.w.org\/{rel}","templated":true}]}}